{"id":687,"date":"2020-09-03T10:47:14","date_gmt":"2020-09-03T09:47:14","guid":{"rendered":"https:\/\/www.actibump.com\/se\/?page_id=687"},"modified":"2020-11-18T14:07:36","modified_gmt":"2020-11-18T13:07:36","slug":"integritetspolicy","status":"publish","type":"page","link":"https:\/\/www.actibump.com\/se\/integritetspolicy\/","title":{"rendered":"Integritetspolicy"},"content":{"rendered":"[vc_row type=&#8221;in_container&#8221; full_screen_row_position=&#8221;middle&#8221; column_margin=&#8221;default&#8221; column_direction=&#8221;default&#8221; column_direction_tablet=&#8221;default&#8221; column_direction_phone=&#8221;default&#8221; bg_color=&#8221;#007499&#8243; scene_position=&#8221;center&#8221; text_color=&#8221;dark&#8221; text_align=&#8221;left&#8221; row_border_radius=&#8221;none&#8221; row_border_radius_applies=&#8221;bg&#8221; overlay_strength=&#8221;0.3&#8243; gradient_direction=&#8221;left_to_right&#8221; enable_shape_divider=&#8221;true&#8221; shape_divider_position=&#8221;bottom&#8221; bg_image_animation=&#8221;none&#8221; shape_type=&#8221;curve&#8221;][vc_column column_padding=&#8221;no-extra-padding&#8221; column_padding_tablet=&#8221;inherit&#8221; column_padding_phone=&#8221;inherit&#8221; column_padding_position=&#8221;all&#8221; background_color_opacity=&#8221;1&#8243; background_hover_color_opacity=&#8221;1&#8243; column_shadow=&#8221;none&#8221; column_border_radius=&#8221;none&#8221; column_link_target=&#8221;_self&#8221; gradient_direction=&#8221;left_to_right&#8221; overlay_strength=&#8221;0.3&#8243; width=&#8221;1\/1&#8243; tablet_width_inherit=&#8221;default&#8221; tablet_text_alignment=&#8221;default&#8221; phone_text_alignment=&#8221;default&#8221; column_border_width=&#8221;none&#8221; column_border_style=&#8221;solid&#8221; bg_image_animation=&#8221;none&#8221;][vc_column_text css=&#8221;.vc_custom_1605702296429{padding-top: 5% !important;padding-bottom: 8% !important;padding-left: 30% !important;}&#8221;]\n<h1>Integritetspolicy<\/h1>\n[\/vc_column_text][\/vc_column][\/vc_row][vc_row type=&#8221;in_container&#8221; full_screen_row_position=&#8221;middle&#8221; column_margin=&#8221;default&#8221; column_direction=&#8221;default&#8221; column_direction_tablet=&#8221;default&#8221; column_direction_phone=&#8221;default&#8221; scene_position=&#8221;center&#8221; text_color=&#8221;dark&#8221; text_align=&#8221;left&#8221; row_border_radius=&#8221;none&#8221; row_border_radius_applies=&#8221;bg&#8221; overlay_strength=&#8221;0.3&#8243; gradient_direction=&#8221;left_to_right&#8221; shape_divider_position=&#8221;bottom&#8221; bg_image_animation=&#8221;none&#8221;][vc_column column_padding=&#8221;no-extra-padding&#8221; column_padding_tablet=&#8221;inherit&#8221; column_padding_phone=&#8221;inherit&#8221; column_padding_position=&#8221;all&#8221; background_color_opacity=&#8221;1&#8243; background_hover_color_opacity=&#8221;1&#8243; column_shadow=&#8221;none&#8221; column_border_radius=&#8221;none&#8221; column_link_target=&#8221;_self&#8221; gradient_direction=&#8221;left_to_right&#8221; overlay_strength=&#8221;0.3&#8243; width=&#8221;2\/3&#8243; tablet_width_inherit=&#8221;default&#8221; tablet_text_alignment=&#8221;default&#8221; phone_text_alignment=&#8221;default&#8221; column_border_width=&#8221;none&#8221; column_border_style=&#8221;solid&#8221; bg_image_animation=&#8221;none&#8221; offset=&#8221;vc_col-lg-offset-2 vc_col-sm-offset-0 vc_col-xs-12&#8243;][vc_column_text]Vi g\u00f6r v\u00e5rt b\u00e4sta f\u00f6r att behandla personlig och organisatorisk data med f\u00f6rsiktighet och respekt. S\u00e5 h\u00e4r hanterar vi din data:<\/p>\n<p>&nbsp;<\/p>\n<h2>Vad anv\u00e4nder vi informationen till?<\/h2>\n<p>Vi anv\u00e4nder informationen vi samlar in f\u00f6r ett antal \u00e4ndam\u00e5l:<\/p>\n<ul>\n<li>F\u00f6r att b\u00e4ttre f\u00f6rst\u00e5 v\u00e5ra kunder och hur vi kan f\u00f6rb\u00e4ttra v\u00e5ra produkter och tj\u00e4nster.<\/li>\n<li>F\u00f6r att f\u00f6rse er med information som kan vara av intresse om Edevas produkter och tj\u00e4nster.<\/li>\n<li>F\u00f6r att svara p\u00e5 fr\u00e5gor fr\u00e5n kunder och potentiella kunder<\/li>\n<li>F\u00f6r att svara dem som \u00e4r intresserade av att arbeta p\u00e5 Edeva.<\/li>\n<\/ul>\n<p>Vi samlar endast in personuppgifter vi beh\u00f6ver f\u00f6r att kunna erbjuda v\u00e5ra produkter till kunder och potentiella kunder. Det inneb\u00e4r:<\/p>\n<ul>\n<li>Namn<\/li>\n<li>Email<\/li>\n<li>Telefonnummer<\/li>\n<\/ul>\n<p>Annan information som samlas in \u00e4r antingen anonymiserad (som i fallet med IP-adresser) eller \u00e4r organisatorisk information (som f\u00f6retag eller titel). N\u00e4r vi samlar in personuppgifter g\u00f6r vi det baserat p\u00e5 att individen har gett sitt medgivande eller att individen eller organisationen st\u00e5r i begrepp att ing\u00e5 ett avtal med Edeva.<\/p>\n<h2>Dina r\u00e4ttigheter<\/h2>\n<p>Du \u00e4ger dina egna personuppgifter. Om du har n\u00e5gra fr\u00e5gor om eller problem med hur vi hanterar dessa har du f\u00f6ljande r\u00e4ttigheter:<\/p>\n<ul>\n<li>Du kan be att f\u00e5 se vilka av dina personuppgifter vi har<\/li>\n<li>Du kan be att vi korrigerar felaktiga uppgifter<\/li>\n<li>Du kan be att f\u00e5 en kopia p\u00e5 den information vi har om dig<\/li>\n<li>Du kan be att vi raderar valfria uppgifter vi har om dig<\/li>\n<li>Du kan klaga p\u00e5 hur vi hanterar dina personuppgifter<\/li>\n<li>Du kan klaga till \u00f6versynsmyndigheten (se Datainspektionens hemsida)<\/li>\n<li>Om du vill utnyttja n\u00e5gon av dina r\u00e4ttigheter kan du g\u00f6ra det genom att mejla till info@edeva.se<\/li>\n<\/ul>\n<p>&nbsp;<\/p>\n<h2>Bevarande och datalagring<\/h2>\n<p>N\u00e4r vi lagrar din data vidtar vi rimliga \u00e5tg\u00e4rder f\u00f6r att skydda personuppgifter fr\u00e5n att hamna i or\u00e4tta h\u00e4nder. Personuppgifterna lagras, arkiveras och s\u00e4kerhetskopieras i v\u00e5ra interna system som anv\u00e4nder externa molntj\u00e4nster f\u00f6r att lagra informationen.<\/p>\n<p>Vi sparar information g\u00e4llande underh\u00e5llet av ett Actibump under hela dess tekniska livsl\u00e4ngd. Det \u00e4r mycket viktigt i v\u00e5rt uppf\u00f6ljningsarbete och v\u00e5r fj\u00e4rr\u00f6vervakning att vi alltid har tillg\u00e5ng till ett Actibumps hela historik. Detta inneb\u00e4r att vi sparar data om systemf\u00f6r\u00e4ndringar och anv\u00e4ndaraktiviteter, s\u00e5 som n\u00e4r och av vem ett Actibump satts i standby. Vi sparar anv\u00e4ndarhistorik om vem som s\u00f6kte efter vad och n\u00e4r, s\u00e5 att vi kan veta vem som har s\u00f6kt efter vilken information, s\u00e5 att vi kan f\u00f6rmedla \u00f6nskad data till varje individuell anv\u00e4ndare.<\/p>\n<h3>Hamnar personuppgifterna n\u00e5gon annanstans?<\/h3>\n<p>Som princip delar vi inte n\u00e5gra personuppgifter med n\u00e5gon annan utan explicit medgivande men det h\u00e4nder att data skickas utanf\u00f6r v\u00e5r organisation:<br \/>\nAnonymiserad, aggregerad information om anv\u00e4ndandet av v\u00e5r hemsida kommer till tredje part men uppgifterna kan inte anv\u00e4ndas f\u00f6r att kunna identifiera en enskild person.<br \/>\nN\u00e4r vi samlar in personuppgifter sparas de i de molntj\u00e4nster vi anv\u00e4nder. Vi har kontrollerat och kommer att forts\u00e4tta att kontrollera att dessa molntj\u00e4nster lever upp till de s\u00e4kerhetsniv\u00e5er vi kr\u00e4ver f\u00f6r att skydda er data.[\/vc_column_text][\/vc_column][\/vc_row]\n","protected":false},"excerpt":{"rendered":"<p>[vc_row type=&#8221;in_container&#8221; full_screen_row_position=&#8221;middle&#8221; column_margin=&#8221;default&#8221; column_direction=&#8221;default&#8221; column_direction_tablet=&#8221;default&#8221; column_direction_phone=&#8221;default&#8221; bg_color=&#8221;#007499&#8243; scene_position=&#8221;center&#8221; text_color=&#8221;dark&#8221; text_align=&#8221;left&#8221; row_border_radius=&#8221;none&#8221; row_border_radius_applies=&#8221;bg&#8221; overlay_strength=&#8221;0.3&#8243; gradient_direction=&#8221;left_to_right&#8221;&#8230;<\/p>\n","protected":false},"author":2,"featured_media":0,"parent":0,"menu_order":0,"comment_status":"closed","ping_status":"closed","template":"","meta":{"_acf_changed":false,"footnotes":""},"class_list":["post-687","page","type-page","status-publish"],"acf":[],"_links":{"self":[{"href":"https:\/\/www.actibump.com\/se\/wp-json\/wp\/v2\/pages\/687","targetHints":{"allow":["GET"]}}],"collection":[{"href":"https:\/\/www.actibump.com\/se\/wp-json\/wp\/v2\/pages"}],"about":[{"href":"https:\/\/www.actibump.com\/se\/wp-json\/wp\/v2\/types\/page"}],"author":[{"embeddable":true,"href":"https:\/\/www.actibump.com\/se\/wp-json\/wp\/v2\/users\/2"}],"replies":[{"embeddable":true,"href":"https:\/\/www.actibump.com\/se\/wp-json\/wp\/v2\/comments?post=687"}],"version-history":[{"count":5,"href":"https:\/\/www.actibump.com\/se\/wp-json\/wp\/v2\/pages\/687\/revisions"}],"predecessor-version":[{"id":831,"href":"https:\/\/www.actibump.com\/se\/wp-json\/wp\/v2\/pages\/687\/revisions\/831"}],"wp:attachment":[{"href":"https:\/\/www.actibump.com\/se\/wp-json\/wp\/v2\/media?parent=687"}],"curies":[{"name":"wp","href":"https:\/\/api.w.org\/{rel}","templated":true}]}}